{"id":349,"date":"2023-07-25T14:40:51","date_gmt":"2023-07-25T12:40:51","guid":{"rendered":"https:\/\/galerie.anitafleerackers.be\/allgemeine-geschaeftsbedingungen-website\/"},"modified":"2024-01-31T17:45:09","modified_gmt":"2024-01-31T16:45:09","slug":"allgemeine-geschaftsbedingungen-der-website","status":"publish","type":"page","link":"https:\/\/galerie.anitafleerackers.be\/de\/allgemeine-geschaftsbedingungen-der-website\/","title":{"rendered":"Allgemeine Gesch\u00e4ftsbedingungen (AGB) der Website"},"content":{"rendered":"\n<div style=\"height:40px\" aria-hidden=\"true\" class=\"wp-block-spacer\"><\/div>\n\n<h2 class=\"wp-block-heading\" id=\"h-algemene-voorwaarden-website\">Allgemeine Gesch\u00e4ftsbedingungen (AGB) der Website<\/h2>\n\n<p>Diese Website ist Eigentum und wird betrieben von Artstudio Anita Fleerackers.<\/p>\n\n<p>Sie k\u00f6nnen uns in Bezug auf diese Bedingungen kontaktieren, indem Sie sich schriftlich an uns wenden oder eine E-Mail an die folgende Adresse senden:<\/p>\n\n<p>Kontaktinformationen:<br\/>Anschrift: Hemeldonk 9, B-2275 Gierle, Belgien<br\/>Mob.: +32 (0) 485 03 03 29<br\/>E-Mail: <a href=\"mailto:af@anitafleerackers.be\">af@anitafleerackers.be<\/a><\/p>\n\n<p>Durch den Zugriff auf und die Nutzung der Website erkl\u00e4ren Sie sich ausdr\u00fccklich mit den folgenden Gesch\u00e4ftsbedingungen einverstanden.<\/p>\n\n<h2 class=\"wp-block-heading\" id=\"h-1-inleiding\">1. Einleitung<\/h2>\n\n<p>Diese Allgemeinen Gesch\u00e4ftsbedingungen gelten f\u00fcr diese Website und f\u00fcr Transaktionen im Zusammenhang mit unseren Kunstwerken, Produkten und Dienstleistungen. Sie k\u00f6nnen durch zus\u00e4tzliche Vertr\u00e4ge gebunden sein, die sich auf Ihre Beziehung zu uns oder auf Kunstwerke, Produkte oder Dienstleistungen beziehen, die Sie von uns erhalten. Sollten die Bestimmungen der Zusatzvertr\u00e4ge im Widerspruch zu den Bestimmungen dieser Bedingungen stehen, haben die Bestimmungen dieser Zusatzvertr\u00e4ge Vorrang und sind ma\u00dfgebend.<\/p>\n\n<h2 class=\"wp-block-heading\" id=\"h-2-bindend\">2. Verbindlich<\/h2>\n\n<p>Indem Sie sich auf dieser Website registrieren, auf sie zugreifen oder sie anderweitig nutzen, erkl\u00e4ren Sie sich mit den nachstehend aufgef\u00fchrten Bedingungen einverstanden. Die blo\u00dfe Nutzung dieser Website setzt die Kenntnis und Annahme dieser Bedingungen voraus. In einigen besonderen F\u00e4llen k\u00f6nnen wir Sie auch um Ihre ausdr\u00fcckliche Zustimmung bitten.<\/p>\n\n<h2 class=\"wp-block-heading\" id=\"h-3-elektronische-communicatie\">3. Elektronische Kommunikation<\/h2>\n\n<p>Indem Sie diese Website nutzen oder mit uns elektronisch kommunizieren, erkl\u00e4ren Sie sich damit einverstanden und erkennen an, dass wir mit Ihnen auf unserer Website oder per E-Mail elektronisch kommunizieren d\u00fcrfen, und Sie erkl\u00e4ren sich damit einverstanden, dass alle Vereinbarungen, Mitteilungen, Offenlegungen und sonstigen Mitteilungen, die wir Ihnen elektronisch zur Verf\u00fcgung stellen, allen gesetzlichen Anforderungen entsprechen, einschlie\u00dflich, aber nicht beschr\u00e4nkt auf die Anforderung, dass solche Mitteilungen schriftlich erfolgen m\u00fcssen.<\/p>\n\n<h2 class=\"wp-block-heading\" id=\"h-4-intellectuele-eigendomsrechten\">4. <strong>Rechte an geistigem Eigentum<\/strong><\/h2>\n\n<p>Die Daten, Informationen und andere Quellen, die auf dieser Website angezeigt werden oder zug\u00e4nglich sind, einschlie\u00dflich Marken, Logos, Zeichnungen, Daten, Produkt- oder Firmennamen, Texte, Bilder usw. sind durch geistige Rechte gesch\u00fctzt und geh\u00f6ren Artstudio Anita Fleerackers oder berechtigten Dritten.<\/p>\n\n<h3 class=\"wp-block-heading\" id=\"h-4-1-alle-rechten-zijn-voorbehouden\">4.1 Alle Rechte vorbehalten<\/h3>\n\n<p>Sofern nicht f\u00fcr bestimmte Inhalte etwas anderes vorgeschrieben ist, wird Ihnen keine Lizenz oder ein anderes Recht im Rahmen von Urheberrechten, Marken, Patenten oder anderen Rechten an geistigem Eigentum gew\u00e4hrt. Das bedeutet, dass Sie ohne unsere vorherige schriftliche Zustimmung keine Ressourcen dieser Website in irgendeiner Form nutzen, kopieren, reproduzieren, vorf\u00fchren, ausstellen, verbreiten, in ein elektronisches Medium einbetten, modifizieren, zur\u00fcckentwickeln, dekompilieren, \u00fcbertragen, herunterladen, \u00fcbermitteln, monetarisieren, verkaufen, handeln oder kommerzialisieren d\u00fcrfen, es sei denn, zwingende gesetzliche Bestimmungen (z. B. das Zitatrecht) sehen etwas anderes vor.<\/p>\n\n<h2 class=\"wp-block-heading\" id=\"h-5-nieuwsbrief\">5. Newsletter<\/h2>\n\n<p>Ungeachtet dessen k\u00f6nnen Sie unseren Newsletter in elektronischer Form an andere Personen weiterleiten, die an einem Besuch unserer Website interessiert sein k\u00f6nnten.<\/p>\n\n<h2 class=\"wp-block-heading\" id=\"h-6-eigendom-van-derden\">6. Eigentum Dritter<\/h2>\n\n<p>Unsere Website kann Hyperlinks oder andere Verweise auf die Websites anderer Parteien enthalten oder indirekt auf sie verweisen. Die Ver\u00f6ffentlichung von Links zu diesen Websites oder Seiten bedeutet in keiner Weise eine implizite Zustimmung zu deren Inhalt. Der Inhalt von Websites Dritter, die von dieser Website aus verlinkt sind, wird von uns weder \u00fcberwacht noch \u00fcberpr\u00fcft. Produkte oder Dienstleistungen, die von anderen Websites angeboten werden, unterliegen den geltenden Gesch\u00e4ftsbedingungen dieser Dritten. Die Meinungen oder das Material auf diesen Websites werden von uns nicht unbedingt geteilt oder gebilligt. Wir sind nicht verantwortlich f\u00fcr die Datenschutzpraktiken oder den Inhalt dieser Websites. Sie tragen alle Risiken, die mit der Nutzung dieser Websites und der damit verbundenen Dienste Dritter verbunden sind. Wir \u00fcbernehmen keine Verantwortung f\u00fcr Verluste oder Sch\u00e4den, die in irgendeiner Weise aus der Weitergabe Ihrer pers\u00f6nlichen Daten an Dritte entstehen. Artstudio Anita Fleerackers erkl\u00e4rt ausdr\u00fccklich, dass es keine Kontrolle \u00fcber den Inhalt oder andere Merkmale dieser Websites hat und unter keinen Umst\u00e4nden f\u00fcr deren Inhalt oder Eigenschaften oder andere Sch\u00e4den haftbar gemacht werden kann, die durch ihre Nutzung verursacht werden.<\/p>\n\n<h2 class=\"wp-block-heading\" id=\"h-7-verantwoord-gebruik\">7. Verantwortungsvolle Nutzung<\/h2>\n\n<p>Mit dem Besuch unserer Website erkl\u00e4ren Sie sich damit einverstanden, diese nur f\u00fcr die Zwecke zu nutzen, f\u00fcr die sie bestimmt ist und die durch diese Bedingungen, etwaige zus\u00e4tzliche Vertr\u00e4ge mit uns und die geltenden Gesetze und Vorschriften sowie die allgemein anerkannten Online-Praktiken und Branchenrichtlinien gestattet sind. Sie d\u00fcrfen unsere Website oder Dienste nicht nutzen, um Material zu verwenden, zu ver\u00f6ffentlichen oder zu verbreiten, das aus b\u00f6sartiger Computersoftware besteht (oder mit dieser verlinkt ist); Sie d\u00fcrfen die von unserer Website gesammelten Daten nicht f\u00fcr Direktmarketing-Aktivit\u00e4ten nutzen oder sich an systematischen oder automatisierten Datenerfassungsaktivit\u00e4ten auf oder in Verbindung mit unserer Website beteiligen, und es ist Ihnen strengstens untersagt, sich an Aktivit\u00e4ten zu beteiligen, die Sch\u00e4den an der Website verursachen oder verursachen k\u00f6nnen oder den Betrieb, die Verf\u00fcgbarkeit oder die Zug\u00e4nglichkeit der Website beeintr\u00e4chtigen.<\/p>\n\n<h2 class=\"wp-block-heading\" id=\"h-8-ideeen-indienen\">8. Ideen einreichen<\/h2>\n\n<p>Reichen Sie keine Ideen, Erfindungen, Werke oder andere Informationen ein, die als Ihr eigenes geistiges Eigentum betrachtet werden k\u00f6nnen und die Sie uns vorlegen m\u00f6chten, es sei denn, wir haben zuvor eine Vereinbarung \u00fcber geistiges Eigentum oder eine Vertraulichkeitsvereinbarung unterzeichnet. Wenn Sie uns Ihre Inhalte ohne eine solche schriftliche Zustimmung zur Verf\u00fcgung stellen, gew\u00e4hren Sie uns eine weltweite, unwiderrufliche, nicht-exklusive und geb\u00fchrenfreie Lizenz zur Nutzung, Reproduktion, Speicherung, Anpassung, Ver\u00f6ffentlichung, \u00dcbersetzung und Verbreitung Ihrer Inhalte in allen bestehenden oder zuk\u00fcnftigen Medien.<\/p>\n\n<h2 class=\"wp-block-heading\" id=\"h-9-beeindiging-van-gebruik\">9. Beendigung der Nutzung<\/h2>\n\n<p>Wir k\u00f6nnen nach eigenem Ermessen jederzeit den Zugang zur Website oder zu einem Dienst darauf vor\u00fcbergehend oder dauerhaft \u00e4ndern oder einstellen. Sie erkl\u00e4ren sich damit einverstanden, dass wir weder Ihnen noch Dritten gegen\u00fcber f\u00fcr eine solche \u00c4nderung, Aussetzung oder Beendigung Ihres Zugriffs auf die Website oder die Nutzung der Website oder von Inhalten, die Sie auf der Website freigegeben haben, haften werden. Sie haben keinen Anspruch auf Entsch\u00e4digung oder andere Zahlungen, selbst wenn bestimmte Funktionen, Einstellungen und\/oder Inhalte, zu denen Sie beigetragen haben oder auf die Sie sich verlassen haben, dauerhaft verloren gehen. Sie d\u00fcrfen keine Zugangsbeschr\u00e4nkungsma\u00dfnahmen auf unserer Website umgehen oder versuchen, diese zu umgehen oder zu umgehen.<\/p>\n\n<h2 class=\"wp-block-heading\" id=\"h-10-garanties-en-aansprakelijkheid\">10. Garantien und Haftung<\/h2>\n\n<p>Keine der in diesem Absatz enthaltenen Bestimmungen schr\u00e4nkt eine gesetzlich vorgeschriebene Garantie ein oder schlie\u00dft sie aus, deren Einschr\u00e4nkung oder Ausschluss ungesetzlich w\u00e4re. Diese Website und der gesamte Inhalt der Website werden ohne M\u00e4ngelgew\u00e4hr&#8220; und wie verf\u00fcgbar&#8220; zur Verf\u00fcgung gestellt und k\u00f6nnen Ungenauigkeiten oder typografische Fehler enthalten. Wir lehnen ausdr\u00fccklich jede ausdr\u00fcckliche oder stillschweigende Gew\u00e4hrleistung f\u00fcr die Verf\u00fcgbarkeit, Richtigkeit oder Vollst\u00e4ndigkeit der Inhalte ab. Wir \u00fcbernehmen keine Garantie daf\u00fcr:<\/p>\n\n<ul class=\"wp-block-list\">\n<li>dass diese Website oder unsere Inhalte Ihren Anforderungen entsprechen;<\/li>\n\n\n\n<li>diese Website ununterbrochen, rechtzeitig, sicher und fehlerfrei zur Verf\u00fcgung stehen wird.<\/li>\n<\/ul>\n\n<p>Die Informationen auf der Website sind allgemeiner Natur. Die Informationen sind nicht an pers\u00f6nliche oder spezifische Umst\u00e4nde angepasst und k\u00f6nnen daher nicht als pers\u00f6nliche, berufliche oder rechtliche Beratung des Nutzers betrachtet werden. <\/p>\n\n<p>Die folgenden Bestimmungen dieses Artikels gelten im gr\u00f6\u00dftm\u00f6glichen Umfang, den das geltende Recht zul\u00e4sst, und beschr\u00e4nken oder schlie\u00dfen unsere Haftung in Bezug auf Angelegenheiten nicht aus, f\u00fcr die eine Beschr\u00e4nkung oder ein Ausschluss unserer Haftung ungesetzlich oder illegal w\u00e4re. In keinem Fall haften wir f\u00fcr direkte oder indirekte Sch\u00e4den (einschlie\u00dflich Sch\u00e4den aufgrund von Gewinn- oder Einkommensverlusten, Verlust oder Besch\u00e4digung von Daten, Software oder Datenbanken oder Verlust oder Besch\u00e4digung von Eigentum oder Daten), die Ihnen oder Dritten durch den Zugriff auf unsere Website oder deren Nutzung entstehen. Sofern ein zus\u00e4tzlicher Vertrag nicht ausdr\u00fccklich etwas anderes vorsieht, ist unsere maximale Haftung Ihnen gegen\u00fcber f\u00fcr alle Sch\u00e4den, die sich aus oder im Zusammenhang mit der Website oder den \u00fcber die Website vermarkteten oder verkauften Produkten und Dienstleistungen ergeben, unabh\u00e4ngig von der Form der rechtlichen Schritte, die die Haftung auferlegen (ob aus Vertrag, Billigkeit, Fahrl\u00e4ssigkeit, beabsichtigtem Verhalten, unerlaubter Handlung oder anderweitig), auf den Gesamtpreis beschr\u00e4nkt, den Sie uns f\u00fcr den Kauf solcher Produkte oder Dienstleistungen oder die Nutzung der Website gezahlt haben. Eine solche Begrenzung gilt f\u00fcr alle Ihre Anspr\u00fcche, Klagen und Klagegr\u00fcnde jeglicher Art und Natur.<\/p>\n\n<h2 class=\"wp-block-heading\" id=\"h-11-beperking-van-aansprakelijkheid\">11. <strong>Begrenzung der Haftung<\/strong> <\/h2>\n\n<p>Das Artstudio Anita Fleerackers bem\u00fcht sich sehr darum, dass die zur Verf\u00fcgung gestellten Informationen w\u00e4re vollst\u00e4ndig, korrekt, genau und aktuell. Trotz dieser Bem\u00fchungen k\u00f6nnen Irrt\u00fcmer in den zur Verf\u00fcgung gestellten Informationen auftreten. Wenn die bereitgestellten Informationen Ungenauigkeiten enthalten oder wenn bestimmte Informationen auf oder \u00fcber die Website nicht verf\u00fcgbar w\u00e4ren, wird Artstudio Anita Fleerackers alles daran setzen, dies so schnell wie m\u00f6glich zu beheben.<br\/>Artstudio Anita Fleerackers kann jedoch nicht f\u00fcr direkte oder indirekte Sch\u00e4den haftbar gemacht werden, die durch die Nutzung der Informationen auf dieser Website entstehen.<br\/>Sollten Sie Ungenauigkeiten in den auf der Website zur Verf\u00fcgung gestellten Informationen feststellen, wenden Sie sich bitte an den Administrator der Website.<\/p>\n\n<p>Der Inhalt der Website (einschlie\u00dflich Links) kann jederzeit ohne vorherige Ank\u00fcndigung oder Benachrichtigung angepasst, ge\u00e4ndert oder erg\u00e4nzt werden. Artstudio Anita Fleerackers gibt keine Garantie f\u00fcr das ordnungsgem\u00e4\u00dfe Funktionieren der Website und kann in keiner Weise f\u00fcr den schlechten Betrieb oder die vor\u00fcbergehende (in)Verf\u00fcgbarkeit der Website oder f\u00fcr irgendeine Form von direkt oder indirekt verursachten Sch\u00e4den haftbar gemacht werden, die sich aus dem Zugriff auf oder der Nutzung der Website ergeben w\u00fcrden. <br\/>In keinem Fall kann Artstudio Anita Fleerackers f\u00fcr direkte, indirekte, besondere oder andere Sch\u00e4den haftbar gemacht werden, die sich aus der Nutzung dieser oder einer anderen Website ergeben, insbesondere als Folge von Links oder Hyperlinks, einschlie\u00dflich, aber nicht beschr\u00e4nkt auf, Verluste, Arbeitsunterbrechungen, Sch\u00e4den an Programmen oder anderen Daten auf dem Computersystem, an Ger\u00e4ten, Software oder anderem des Nutzers.<\/p>\n\n<p>SCA Webdesign unternimmt gro\u00dfe Anstrengungen, damit die zur Verf\u00fcgung gestellten Informationen vollst\u00e4ndig, richtig, genau und aktuell sind. Trotz dieser Bem\u00fchungen k\u00f6nnen Irrt\u00fcmer in den zur Verf\u00fcgung gestellten Informationen auftreten. Sollten die zur Verf\u00fcgung gestellten Informationen Ungenauigkeiten enthalten oder sollten bestimmte Informationen auf oder \u00fcber die Website nicht verf\u00fcgbar sein, wird SCA Webdesign die gr\u00f6\u00dftm\u00f6glichen Anstrengungen unternehmen, um dies so schnell wie m\u00f6glich zu korrigieren.<br\/>SCA Webdesign kann jedoch nicht f\u00fcr direkte oder indirekte Sch\u00e4den haftbar gemacht werden, die sich aus der Nutzung der Informationen auf dieser Website ergeben.<br\/>Sollten Sie Ungenauigkeiten in den auf der Website zur Verf\u00fcgung gestellten Informationen feststellen, wenden Sie sich bitte an den Administrator der Website.<\/p>\n\n<p>Der Inhalt der Website (einschlie\u00dflich Links) kann jederzeit ohne vorherige Ank\u00fcndigung oder Benachrichtigung angepasst, ge\u00e4ndert oder erg\u00e4nzt werden. SCA Webdesign gibt keine Garantie f\u00fcr das gute Funktionieren der Website und kann in keiner Weise f\u00fcr eine Funktionsst\u00f6rung oder eine vor\u00fcbergehende (Nicht-)Verf\u00fcgbarkeit der Website oder f\u00fcr irgendeine Form von Schaden, direkt oder indirekt, der sich aus dem Zugang oder der Nutzung der Website ergeben w\u00fcrde, haftbar gemacht werden. <br\/>SCA Webdesign kann in keinem Fall, weder direkt noch indirekt, speziell oder anderweitig, f\u00fcr Sch\u00e4den haftbar gemacht werden, die auf die Nutzung dieser oder einer anderen Website zur\u00fcckzuf\u00fchren sind, insbesondere als Folge von Links oder Hyperlinks, einschlie\u00dflich und ohne Einschr\u00e4nkung aller Verluste, Arbeitsunterbrechungen, Sch\u00e4den an Programmen oder anderen Daten auf dem Computersystem, der Ausr\u00fcstung, der Software oder anderen des Nutzers.<\/p>\n\n<h2 class=\"wp-block-heading\" id=\"h-12-privacy\">12. Datenschutz<\/h2>\n\n<p>Um Zugang zu unserer Website und\/oder unseren Diensten zu erhalten, werden Sie m\u00f6glicherweise aufgefordert, im Rahmen des Registrierungsprozesses bestimmte Informationen \u00fcber sich selbst anzugeben. Sie erkl\u00e4ren sich damit einverstanden, dass alle von Ihnen bereitgestellten Informationen immer genau, korrekt und aktuell sind. Weitere Informationen finden Sie in unserer Datenschutzerkl\u00e4rung und Cookie-Richtlinie.<\/p>\n\n<h2 class=\"wp-block-heading\" id=\"h-13-toegankelijkheid\">13. Erreichbarkeit<\/h2>\n\n<p>Wir sind bestrebt, die von uns bereitgestellten Inhalte f\u00fcr Menschen mit Behinderungen zug\u00e4nglich zu machen. Wenn Sie aufgrund einer Behinderung keinen Zugang zu einem Teil unserer Website haben, informieren Sie uns bitte mit einer detaillierten Beschreibung des Problems, das bei Ihnen aufgetreten ist. Wenn das Problem leicht identifiziert und mit Hilfe von branchen\u00fcblichen Informationstechnologie-Tools und -Techniken gel\u00f6st werden kann, werden wir es sofort l\u00f6sen.<\/p>\n\n<h2 class=\"wp-block-heading\" id=\"h-14-exportbeperkingen-wettelijke-naleving\">14. Ausfuhrbeschr\u00e4nkungen \/ Einhaltung von Rechtsvorschriften<\/h2>\n\n<p>Der Zugriff auf die Website aus Gebieten oder L\u00e4ndern, in denen der Inhalt oder der Kauf der auf der Website verkauften Produkte oder Dienstleistungen illegal ist, ist verboten. Sie d\u00fcrfen diese Website nicht unter Verletzung der belgischen Exportgesetze und -vorschriften nutzen.<\/p>\n\n<h2 class=\"wp-block-heading\" id=\"h-15-overdracht\">15. \u00dcbertragung<\/h2>\n\n<p>Sie sind nicht berechtigt, Ihre Rechte und\/oder Pflichten aus diesen Bedingungen ohne unsere vorherige schriftliche Zustimmung ganz oder teilweise an Dritte abzutreten, zu \u00fcbertragen oder unterzuvergeben. Jede behauptete Abtretung, die diesem Abschnitt zuwiderl\u00e4uft, ist nichtig und ung\u00fcltig.<\/p>\n\n<h2 class=\"wp-block-heading\" id=\"h-16-schendingen-van-deze-voorwaarden\">16. Verst\u00f6\u00dfe gegen diese Bedingungen<\/h2>\n\n<p>Unbeschadet unserer sonstigen Rechte im Rahmen dieser Bedingungen k\u00f6nnen wir im Falle eines Versto\u00dfes gegen diese Bedingungen Ma\u00dfnahmen ergreifen, die wir f\u00fcr angemessen halten, um den Versto\u00df zu beheben, einschlie\u00dflich der vor\u00fcbergehenden oder dauerhaften Sperrung Ihres Zugangs zur Website, der Kontaktaufnahme mit Ihrem Internetdienstanbieter mit der Bitte, Ihren Zugang zur Website zu sperren, und\/oder der Einleitung rechtlicher Schritte gegen Sie.<\/p>\n\n<h2 class=\"wp-block-heading\" id=\"h-17-overmacht\">17. H\u00f6here Gewalt<\/h2>\n\n<p>Mit Ausnahme von Zahlungsverpflichtungen im Rahmen dieser Vereinbarung gilt keine Verz\u00f6gerung, Unterlassung oder Nichterf\u00fcllung durch eine der Parteien bei der Erf\u00fcllung ihrer Verpflichtungen im Rahmen dieser Vereinbarung als Verletzung dieser Bedingungen, wenn und solange eine solche Verz\u00f6gerung, Unterlassung oder Nichterf\u00fcllung auf eine Ursache zur\u00fcckzuf\u00fchren ist, die au\u00dferhalb der zumutbaren Kontrolle der betreffenden Partei liegt.<\/p>\n\n<h2 class=\"wp-block-heading\" id=\"h-18-schadeloosstelling\">18. Entsch\u00e4digung<\/h2>\n\n<p>Sie erkl\u00e4ren sich damit einverstanden, uns zu entsch\u00e4digen, zu verteidigen und schadlos zu halten von und gegen alle Anspr\u00fcche, Haftungen, Sch\u00e4den, Verluste und Ausgaben, die sich aus der Verletzung dieser Gesch\u00e4ftsbedingungen und der geltenden Gesetze ergeben, einschlie\u00dflich der Rechte an geistigem Eigentum und der Datenschutzrechte. Sie entsch\u00e4digen uns unverz\u00fcglich f\u00fcr unsere Sch\u00e4den, Verluste, Kosten und Ausgaben, die sich aus solchen Anspr\u00fcchen ergeben.<\/p>\n\n<h2 class=\"wp-block-heading\" id=\"h-19-verklaring-van-afstand\">19. Verzicht<\/h2>\n\n<p>Das Vers\u00e4umnis, eine der Bestimmungen dieser Gesch\u00e4ftsbedingungen oder einer Vereinbarung durchzusetzen, oder das Vers\u00e4umnis, eine K\u00fcndigungsoption auszu\u00fcben, ist nicht als Verzicht auf diese Bestimmungen auszulegen und beeintr\u00e4chtigt nicht die G\u00fcltigkeit dieser Gesch\u00e4ftsbedingungen oder einer Vereinbarung oder eines Teils davon oder das Recht, eine Bestimmung sp\u00e4ter durchzusetzen.<\/p>\n\n<h2 class=\"wp-block-heading\" id=\"h-20-taal\">20. Sprache<\/h2>\n\n<p>Diese Allgemeinen Gesch\u00e4ftsbedingungen sind ausschlie\u00dflich in niederl\u00e4ndischer Sprache auszulegen und zu interpretieren. Alle Mitteilungen und der gesamte Schriftverkehr werden ausschlie\u00dflich in dieser Sprache abgefasst.<\/p>\n\n<h2 class=\"wp-block-heading\" id=\"h-21-gehele-overeenkomst\">21. Gesamte Vereinbarung<\/h2>\n\n<p>Diese Allgemeinen Gesch\u00e4ftsbedingungen, zusammen mit unserer Datenschutzerkl\u00e4rung und Cookie-Richtlinie, stellen die gesamte Vereinbarung zwischen Ihnen und Artstudio Anita Fleerackers in Bezug auf die Nutzung dieser Website dar.<\/p>\n\n<h2 class=\"wp-block-heading\" id=\"h-22-bijwerking-van-deze-voorwaarden\">22. Aktualisierung der vorliegenden Bedingungen<\/h2>\n\n<p>Wir k\u00f6nnen diese Allgemeinen Gesch\u00e4ftsbedingungen von Zeit zu Zeit aktualisieren. Das am Ende dieser Bedingungen angegebene Datum ist das Datum der letzten \u00dcberarbeitung. Wir werden Sie schriftlich \u00fcber alle \u00c4nderungen oder Aktualisierungen informieren, und die \u00fcberarbeiteten Bedingungen treten ab dem Datum in Kraft, an dem wir Ihnen diese Mitteilung zukommen lassen. Ihre fortgesetzte Nutzung dieser Website nach der Ver\u00f6ffentlichung von \u00c4nderungen oder Aktualisierungen gilt als Hinweis darauf, dass Sie die Einhaltung dieser Bedingungen akzeptieren und an sie gebunden sind. Um eine fr\u00fchere Version dieser Bedingungen anzufordern, kontaktieren Sie uns bitte.<\/p>\n\n<h2 class=\"wp-block-heading\" id=\"h-23-keuze-van-wet-en-jurisdictie\"><strong>23. Rechtswahl und Gerichtsstand<\/strong><\/h2>\n\n<p>Diese Allgemeinen Gesch\u00e4ftsbedingungen unterliegen dem belgischen Recht. F\u00fcr alle Streitigkeiten im Zusammenhang mit diesen Allgemeinen Gesch\u00e4ftsbedingungen sind die Gerichte des Bezirks Turnhout, Belgien, zust\u00e4ndig. Sollte ein Teil oder eine Bestimmung dieser Allgemeinen Gesch\u00e4ftsbedingungen von einem Gericht oder einer anderen Beh\u00f6rde als ung\u00fcltig und\/oder nicht durchsetzbar nach geltendem Recht befunden werden, so wird dieser Teil oder diese Bestimmung so weit wie m\u00f6glich ge\u00e4ndert, gestrichen und\/oder durchgesetzt, um der Absicht dieser Allgemeinen Gesch\u00e4ftsbedingungen Wirkung zu verleihen. Die \u00fcbrigen Bestimmungen bleiben davon unber\u00fchrt.<\/p>\n\n<p><em>Die Allgemeinen Gesch\u00e4ftsbedingungen f\u00fcr die Website wurden zuletzt am 4. Juli 2022 aktualisiert.<\/em><\/p>\n\n<div class=\"cmplz-terms-conditions\">[[cmplz-terms-conditions type=&#8220;terms-conditions&#8220;]]<\/div>\n","protected":false},"excerpt":{"rendered":"<p>Allgemeine Gesch\u00e4ftsbedingungen (AGB) der Website Diese Website ist Eigentum und wird betrieben von Artstudio Anita Fleerackers. Sie k\u00f6nnen uns in Bezug auf diese Bedingungen kontaktieren, indem Sie sich schriftlich an uns wenden oder eine E-Mail an die folgende Adresse senden: Kontaktinformationen:Anschrift: Hemeldonk 9, B-2275 Gierle, BelgienMob.: +32 (0) 485 03 03 29E-Mail: af@anitafleerackers.be Durch den&hellip;&nbsp;<a href=\"https:\/\/galerie.anitafleerackers.be\/de\/allgemeine-geschaftsbedingungen-der-website\/\" rel=\"bookmark\">Lees verder \u00bb<span class=\"screen-reader-text\">Allgemeine Gesch\u00e4ftsbedingungen (AGB) der Website<\/span><\/a><\/p>\n","protected":false},"author":2,"featured_media":0,"parent":0,"menu_order":0,"comment_status":"closed","ping_status":"closed","template":"","meta":{"neve_meta_sidebar":"","neve_meta_container":"","neve_meta_enable_content_width":"","neve_meta_content_width":0,"neve_meta_title_alignment":"","neve_meta_author_avatar":"","neve_post_elements_order":"","neve_meta_disable_header":"","neve_meta_disable_footer":"","neve_meta_disable_title":"on","neve_meta_reading_time":"","footnotes":""},"class_list":["post-349","page","type-page","status-publish","hentry"],"_links":{"self":[{"href":"https:\/\/galerie.anitafleerackers.be\/de\/wp-json\/wp\/v2\/pages\/349","targetHints":{"allow":["GET"]}}],"collection":[{"href":"https:\/\/galerie.anitafleerackers.be\/de\/wp-json\/wp\/v2\/pages"}],"about":[{"href":"https:\/\/galerie.anitafleerackers.be\/de\/wp-json\/wp\/v2\/types\/page"}],"author":[{"embeddable":true,"href":"https:\/\/galerie.anitafleerackers.be\/de\/wp-json\/wp\/v2\/users\/2"}],"replies":[{"embeddable":true,"href":"https:\/\/galerie.anitafleerackers.be\/de\/wp-json\/wp\/v2\/comments?post=349"}],"version-history":[{"count":0,"href":"https:\/\/galerie.anitafleerackers.be\/de\/wp-json\/wp\/v2\/pages\/349\/revisions"}],"wp:attachment":[{"href":"https:\/\/galerie.anitafleerackers.be\/de\/wp-json\/wp\/v2\/media?parent=349"}],"curies":[{"name":"wp","href":"https:\/\/api.w.org\/{rel}","templated":true}]}}